{"id":1568,"date":"2019-06-01T19:50:11","date_gmt":"2019-06-01T17:50:11","guid":{"rendered":"http:\/\/hatina.sk\/?page_id=1568"},"modified":"2020-10-01T15:16:23","modified_gmt":"2020-10-01T13:16:23","slug":"skolenia","status":"publish","type":"page","link":"https:\/\/hatina.sk\/en\/skolenia\/","title":{"rendered":"Education"},"content":{"rendered":"<div data-elementor-type=\"wp-post\" data-elementor-id=\"1568\" class=\"elementor elementor-1568\">\n\t\t\t\t\t\t<section class=\"elementor-section elementor-top-section elementor-element elementor-element-5edd8ab elementor-section-boxed elementor-section-height-default elementor-section-height-default\" data-id=\"5edd8ab\" data-element_type=\"section\" data-e-type=\"section\">\n\t\t\t\t\t\t<div class=\"elementor-container elementor-column-gap-default\">\n\t\t\t\t\t<div class=\"elementor-column elementor-col-100 elementor-top-column elementor-element elementor-element-3f46b91\" data-id=\"3f46b91\" data-element_type=\"column\" data-e-type=\"column\">\n\t\t\t<div class=\"elementor-widget-wrap elementor-element-populated\">\n\t\t\t\t\t\t<div class=\"elementor-element elementor-element-49a2e32 elementor-widget elementor-widget-spacer\" data-id=\"49a2e32\" data-element_type=\"widget\" data-e-type=\"widget\" data-widget_type=\"spacer.default\">\n\t\t\t\t<div class=\"elementor-widget-container\">\n\t\t\t\t\t\t\t<div class=\"elementor-spacer\">\n\t\t\t<div class=\"elementor-spacer-inner\"><\/div>\n\t\t<\/div>\n\t\t\t\t\t\t<\/div>\n\t\t\t\t<\/div>\n\t\t\t\t<div class=\"elementor-element elementor-element-aaf37fa elementor-widget elementor-widget-text-editor\" data-id=\"aaf37fa\" data-element_type=\"widget\" data-e-type=\"widget\" data-widget_type=\"text-editor.default\">\n\t\t\t\t<div class=\"elementor-widget-container\">\n\t\t\t\t\t\t\t\t\t<p><strong>TRAININGS OFFER<\/strong><\/p>\t\t\t\t\t\t\t\t<\/div>\n\t\t\t\t<\/div>\n\t\t\t\t\t<\/div>\n\t\t<\/div>\n\t\t\t\t\t<\/div>\n\t\t<\/section>\n\t\t\t\t<section class=\"elementor-section elementor-top-section elementor-element elementor-element-0340bfc elementor-section-boxed elementor-section-height-default elementor-section-height-default\" data-id=\"0340bfc\" data-element_type=\"section\" data-e-type=\"section\">\n\t\t\t\t\t\t<div class=\"elementor-container elementor-column-gap-default\">\n\t\t\t\t\t<div class=\"elementor-column elementor-col-100 elementor-top-column elementor-element elementor-element-0d04ec8\" data-id=\"0d04ec8\" data-element_type=\"column\" data-e-type=\"column\">\n\t\t\t<div class=\"elementor-widget-wrap elementor-element-populated\">\n\t\t\t\t\t\t<div class=\"elementor-element elementor-element-615d4d8 elementor-widget elementor-widget-image\" data-id=\"615d4d8\" data-element_type=\"widget\" data-e-type=\"widget\" data-widget_type=\"image.default\">\n\t\t\t\t<div class=\"elementor-widget-container\">\n\t\t\t\t\t\t\t\t\t\t\t\t\t\t\t<img fetchpriority=\"high\" decoding=\"async\" width=\"1024\" height=\"714\" src=\"http:\/\/hatina.sk\/wp-content\/uploads\/2019\/06\/Ponuka-\u0161kolen\u00ed-legislativa-1024x714.jpg\" class=\"attachment-large size-large wp-image-1596\" alt=\"\" srcset=\"http:\/\/hatina.sk\/wp-content\/uploads\/2019\/06\/Ponuka-\u0161kolen\u00ed-legislativa-1024x714.jpg 1024w, http:\/\/hatina.sk\/wp-content\/uploads\/2019\/06\/Ponuka-\u0161kolen\u00ed-legislativa-300x209.jpg 300w, http:\/\/hatina.sk\/wp-content\/uploads\/2019\/06\/Ponuka-\u0161kolen\u00ed-legislativa-768x535.jpg 768w, http:\/\/hatina.sk\/wp-content\/uploads\/2019\/06\/Ponuka-\u0161kolen\u00ed-legislativa.jpg 1033w\" sizes=\"(max-width: 1024px) 100vw, 1024px\" \/>\t\t\t\t\t\t\t\t\t\t\t\t\t\t\t<\/div>\n\t\t\t\t<\/div>\n\t\t\t\t<div class=\"elementor-element elementor-element-c659481 elementor-widget elementor-widget-spacer\" data-id=\"c659481\" data-element_type=\"widget\" data-e-type=\"widget\" data-widget_type=\"spacer.default\">\n\t\t\t\t<div class=\"elementor-widget-container\">\n\t\t\t\t\t\t\t<div class=\"elementor-spacer\">\n\t\t\t<div class=\"elementor-spacer-inner\"><\/div>\n\t\t<\/div>\n\t\t\t\t\t\t<\/div>\n\t\t\t\t<\/div>\n\t\t\t\t\t<\/div>\n\t\t<\/div>\n\t\t\t\t\t<\/div>\n\t\t<\/section>\n\t\t\t\t<section class=\"elementor-section elementor-top-section elementor-element elementor-element-34ddc00 elementor-section-boxed elementor-section-height-default elementor-section-height-default\" data-id=\"34ddc00\" data-element_type=\"section\" data-e-type=\"section\">\n\t\t\t\t\t\t<div class=\"elementor-container elementor-column-gap-default\">\n\t\t\t\t\t<div class=\"elementor-column elementor-col-100 elementor-top-column elementor-element elementor-element-31e0428\" data-id=\"31e0428\" data-element_type=\"column\" data-e-type=\"column\">\n\t\t\t<div class=\"elementor-widget-wrap elementor-element-populated\">\n\t\t\t\t\t\t<div class=\"elementor-element elementor-element-a513bf4 elementor-widget elementor-widget-image\" data-id=\"a513bf4\" data-element_type=\"widget\" data-e-type=\"widget\" data-widget_type=\"image.default\">\n\t\t\t\t<div class=\"elementor-widget-container\">\n\t\t\t\t\t\t\t\t\t\t\t\t\t\t\t<img decoding=\"async\" width=\"1024\" height=\"709\" src=\"http:\/\/hatina.sk\/wp-content\/uploads\/2019\/06\/Procesne-\u0161kolenia-ponuka-1024x709.jpg\" class=\"attachment-large size-large wp-image-1597\" alt=\"\" srcset=\"http:\/\/hatina.sk\/wp-content\/uploads\/2019\/06\/Procesne-\u0161kolenia-ponuka-1024x709.jpg 1024w, http:\/\/hatina.sk\/wp-content\/uploads\/2019\/06\/Procesne-\u0161kolenia-ponuka-300x208.jpg 300w, http:\/\/hatina.sk\/wp-content\/uploads\/2019\/06\/Procesne-\u0161kolenia-ponuka-768x532.jpg 768w, http:\/\/hatina.sk\/wp-content\/uploads\/2019\/06\/Procesne-\u0161kolenia-ponuka.jpg 1040w\" sizes=\"(max-width: 1024px) 100vw, 1024px\" \/>\t\t\t\t\t\t\t\t\t\t\t\t\t\t\t<\/div>\n\t\t\t\t<\/div>\n\t\t\t\t<div class=\"elementor-element elementor-element-ac4bc20 elementor-widget elementor-widget-spacer\" data-id=\"ac4bc20\" data-element_type=\"widget\" data-e-type=\"widget\" data-widget_type=\"spacer.default\">\n\t\t\t\t<div class=\"elementor-widget-container\">\n\t\t\t\t\t\t\t<div class=\"elementor-spacer\">\n\t\t\t<div class=\"elementor-spacer-inner\"><\/div>\n\t\t<\/div>\n\t\t\t\t\t\t<\/div>\n\t\t\t\t<\/div>\n\t\t\t\t\t<\/div>\n\t\t<\/div>\n\t\t\t\t\t<\/div>\n\t\t<\/section>\n\t\t\t\t<section class=\"elementor-section elementor-top-section elementor-element elementor-element-6b2330d elementor-section-full_width elementor-section-height-default elementor-section-height-default\" data-id=\"6b2330d\" data-element_type=\"section\" data-e-type=\"section\">\n\t\t\t\t\t\t<div class=\"elementor-container elementor-column-gap-no\">\n\t\t\t\t\t<div class=\"elementor-column elementor-col-100 elementor-top-column elementor-element elementor-element-982d037\" data-id=\"982d037\" data-element_type=\"column\" data-e-type=\"column\">\n\t\t\t<div class=\"elementor-widget-wrap elementor-element-populated\">\n\t\t\t\t\t\t<section class=\"elementor-section elementor-inner-section elementor-element elementor-element-335691f elementor-section-content-middle elementor-section-boxed elementor-section-height-default elementor-section-height-default\" data-id=\"335691f\" data-element_type=\"section\" data-e-type=\"section\" data-settings=\"{&quot;background_background&quot;:&quot;classic&quot;}\">\n\t\t\t\t\t\t<div class=\"elementor-container elementor-column-gap-no\">\n\t\t\t\t\t<div class=\"elementor-column elementor-col-33 elementor-inner-column elementor-element elementor-element-32e6f0a\" data-id=\"32e6f0a\" data-element_type=\"column\" data-e-type=\"column\">\n\t\t\t<div class=\"elementor-widget-wrap elementor-element-populated\">\n\t\t\t\t\t\t<div class=\"elementor-element elementor-element-d4d3b9a elementor-widget elementor-widget-image\" data-id=\"d4d3b9a\" data-element_type=\"widget\" data-e-type=\"widget\" data-widget_type=\"image.default\">\n\t\t\t\t<div class=\"elementor-widget-container\">\n\t\t\t\t\t\t\t\t\t\t\t\t\t\t\t<img decoding=\"async\" width=\"6097\" height=\"2404\" src=\"http:\/\/hatina.sk\/wp-content\/uploads\/2019\/03\/logohs-002.png\" class=\"attachment-full size-full wp-image-1099\" alt=\"\" srcset=\"http:\/\/hatina.sk\/wp-content\/uploads\/2019\/03\/logohs-002.png 6097w, http:\/\/hatina.sk\/wp-content\/uploads\/2019\/03\/logohs-002-300x118.png 300w, http:\/\/hatina.sk\/wp-content\/uploads\/2019\/03\/logohs-002-768x303.png 768w, http:\/\/hatina.sk\/wp-content\/uploads\/2019\/03\/logohs-002-1024x404.png 1024w\" sizes=\"(max-width: 6097px) 100vw, 6097px\" \/>\t\t\t\t\t\t\t\t\t\t\t\t\t\t\t<\/div>\n\t\t\t\t<\/div>\n\t\t\t\t<div class=\"elementor-element elementor-element-61a8c30 elementor-hidden-desktop elementor-hidden-tablet elementor-widget elementor-widget-spacer\" data-id=\"61a8c30\" data-element_type=\"widget\" data-e-type=\"widget\" data-widget_type=\"spacer.default\">\n\t\t\t\t<div class=\"elementor-widget-container\">\n\t\t\t\t\t\t\t<div class=\"elementor-spacer\">\n\t\t\t<div class=\"elementor-spacer-inner\"><\/div>\n\t\t<\/div>\n\t\t\t\t\t\t<\/div>\n\t\t\t\t<\/div>\n\t\t\t\t\t<\/div>\n\t\t<\/div>\n\t\t\t\t<div class=\"elementor-column elementor-col-33 elementor-inner-column elementor-element elementor-element-0195596\" data-id=\"0195596\" data-element_type=\"column\" data-e-type=\"column\">\n\t\t\t<div class=\"elementor-widget-wrap elementor-element-populated\">\n\t\t\t\t\t\t<div class=\"elementor-element elementor-element-e5b79f0 elementor-widget elementor-widget-heading\" data-id=\"e5b79f0\" data-element_type=\"widget\" data-e-type=\"widget\" data-widget_type=\"heading.default\">\n\t\t\t\t<div class=\"elementor-widget-container\">\n\t\t\t\t\t<h2 class=\"elementor-heading-title elementor-size-small\">Billing information<\/h2>\t\t\t\t<\/div>\n\t\t\t\t<\/div>\n\t\t\t\t<div class=\"elementor-element elementor-element-634bd90 elementor-widget elementor-widget-text-editor\" data-id=\"634bd90\" data-element_type=\"widget\" data-e-type=\"widget\" data-widget_type=\"text-editor.default\">\n\t\t\t\t<div class=\"elementor-widget-container\">\n\t\t\t\t\t\t\t\t\t<p>Health and Safety s.r.o.<br \/>Bart\u00f3kova 2\/d<br \/>811 01 Bratislava<\/p>\t\t\t\t\t\t\t\t<\/div>\n\t\t\t\t<\/div>\n\t\t\t\t<div class=\"elementor-element elementor-element-def3feb elementor-widget elementor-widget-text-editor\" data-id=\"def3feb\" data-element_type=\"widget\" data-e-type=\"widget\" data-widget_type=\"text-editor.default\">\n\t\t\t\t<div class=\"elementor-widget-container\">\n\t\t\t\t\t\t\t\t\t<p>I\u010cO: 51 835 452<br \/>DI\u010c: 212 080 5291<br \/>I\u010c DPH: SK212 080 5291<\/p><p><span style=\"font-size: 14px; font-style: normal; font-weight: 300;\">\u00a0<\/span><\/p>\t\t\t\t\t\t\t\t<\/div>\n\t\t\t\t<\/div>\n\t\t\t\t\t<\/div>\n\t\t<\/div>\n\t\t\t\t<div class=\"elementor-column elementor-col-33 elementor-inner-column elementor-element elementor-element-1e22454\" data-id=\"1e22454\" data-element_type=\"column\" data-e-type=\"column\">\n\t\t\t<div class=\"elementor-widget-wrap elementor-element-populated\">\n\t\t\t\t\t\t<div class=\"elementor-element elementor-element-b1e7b2e elementor-widget elementor-widget-heading\" data-id=\"b1e7b2e\" data-element_type=\"widget\" data-e-type=\"widget\" data-widget_type=\"heading.default\">\n\t\t\t\t<div class=\"elementor-widget-container\">\n\t\t\t\t\t<h2 class=\"elementor-heading-title elementor-size-small\">Contact<\/h2>\t\t\t\t<\/div>\n\t\t\t\t<\/div>\n\t\t\t\t<div class=\"elementor-element elementor-element-7e1819a elementor-widget elementor-widget-text-editor\" data-id=\"7e1819a\" data-element_type=\"widget\" data-e-type=\"widget\" data-widget_type=\"text-editor.default\">\n\t\t\t\t<div class=\"elementor-widget-container\">\n\t\t\t\t\t\t\t\t\t<p>\u00a0 Peter Hatina<br \/>\u00a0+421 903 785 000<br \/>\u00a0 peter@hatina.sk<\/p><p><span style=\"font-size: 14px; font-style: normal; font-weight: 300;\">\u00a0 Teodor Hatina<\/span><br \/><span style=\"font-size: 14px; font-style: normal; font-weight: 300;\">\u00a0+421 911 631 481<\/span><br \/><span style=\"font-size: 14px; font-style: normal; font-weight: 300;\">\u00a0 teodor.hatina@gmail.com<\/span><\/p>\t\t\t\t\t\t\t\t<\/div>\n\t\t\t\t<\/div>\n\t\t\t\t\t<\/div>\n\t\t<\/div>\n\t\t\t\t\t<\/div>\n\t\t<\/section>\n\t\t\t\t\t<\/div>\n\t\t<\/div>\n\t\t\t\t\t<\/div>\n\t\t<\/section>\n\t\t\t\t<section class=\"elementor-section elementor-top-section elementor-element elementor-element-866aad2 elementor-section-boxed elementor-section-height-default elementor-section-height-default\" data-id=\"866aad2\" data-element_type=\"section\" data-e-type=\"section\" data-settings=\"{&quot;background_background&quot;:&quot;classic&quot;}\">\n\t\t\t\t\t\t<div class=\"elementor-container elementor-column-gap-default\">\n\t\t\t\t\t<div class=\"elementor-column elementor-col-100 elementor-top-column elementor-element elementor-element-312a8fb\" data-id=\"312a8fb\" data-element_type=\"column\" data-e-type=\"column\">\n\t\t\t<div class=\"elementor-widget-wrap elementor-element-populated\">\n\t\t\t\t\t\t<div class=\"elementor-element elementor-element-f175b8b elementor-widget elementor-widget-text-editor\" data-id=\"f175b8b\" data-element_type=\"widget\" data-e-type=\"widget\" data-widget_type=\"text-editor.default\">\n\t\t\t\t<div class=\"elementor-widget-container\">\n\t\t\t\t\t\t\t\t\t<p style=\"text-align: center;\">Copyright \u00a9 2019 Health and Safety<\/p>\t\t\t\t\t\t\t\t<\/div>\n\t\t\t\t<\/div>\n\t\t\t\t\t<\/div>\n\t\t<\/div>\n\t\t\t\t\t<\/div>\n\t\t<\/section>\n\t\t\t\t<\/div>","protected":false},"excerpt":{"rendered":"<p>PONUKA \u0160KOLEN\u00cd Faktura\u010dn\u00e9 \u00fadaje Health and Safety s.r.o.Bart\u00f3kova 2\/d811 01 Bratislava I\u010cO: 51 835 452DI\u010c: 212 080 5291I\u010c DPH: SK212 080 5291 \u00a0 Kontakt \u00a0 Peter Hatina\u00a0+421 903 785 000\u00a0 peter@hatina.sk \u00a0 Teodor Hatina\u00a0+421 911 631 481\u00a0 teodor.hatina@gmail.com Copyright \u00a9 2019 Health and Safety<\/p>","protected":false},"author":2,"featured_media":0,"parent":0,"menu_order":0,"comment_status":"closed","ping_status":"closed","template":"","meta":{"site-sidebar-layout":"no-sidebar","site-content-layout":"page-builder","ast-site-content-layout":"default","site-content-style":"default","site-sidebar-style":"default","ast-global-header-display":"","ast-banner-title-visibility":"","ast-main-header-display":"","ast-hfb-above-header-display":"","ast-hfb-below-header-display":"","ast-hfb-mobile-header-display":"","site-post-title":"disabled","ast-breadcrumbs-content":"","ast-featured-img":"disabled","footer-sml-layout":"","theme-transparent-header-meta":"default","adv-header-id-meta":"","stick-header-meta":"","header-above-stick-meta":"","header-main-stick-meta":"","header-below-stick-meta":"","astra-migrate-meta-layouts":"default","ast-page-background-enabled":"default","ast-page-background-meta":{"desktop":{"background-color":"","background-image":"","background-repeat":"repeat","background-position":"center center","background-size":"auto","background-attachment":"scroll","background-type":"","background-media":"","overlay-type":"","overlay-color":"","overlay-opacity":"","overlay-gradient":""},"tablet":{"background-color":"","background-image":"","background-repeat":"repeat","background-position":"center center","background-size":"auto","background-attachment":"scroll","background-type":"","background-media":"","overlay-type":"","overlay-color":"","overlay-opacity":"","overlay-gradient":""},"mobile":{"background-color":"","background-image":"","background-repeat":"repeat","background-position":"center center","background-size":"auto","background-attachment":"scroll","background-type":"","background-media":"","overlay-type":"","overlay-color":"","overlay-opacity":"","overlay-gradient":""}},"ast-content-background-meta":{"desktop":{"background-color":"var(--ast-global-color-5)","background-image":"","background-repeat":"repeat","background-position":"center center","background-size":"auto","background-attachment":"scroll","background-type":"","background-media":"","overlay-type":"","overlay-color":"","overlay-opacity":"","overlay-gradient":""},"tablet":{"background-color":"var(--ast-global-color-5)","background-image":"","background-repeat":"repeat","background-position":"center center","background-size":"auto","background-attachment":"scroll","background-type":"","background-media":"","overlay-type":"","overlay-color":"","overlay-opacity":"","overlay-gradient":""},"mobile":{"background-color":"var(--ast-global-color-5)","background-image":"","background-repeat":"repeat","background-position":"center center","background-size":"auto","background-attachment":"scroll","background-type":"","background-media":"","overlay-type":"","overlay-color":"","overlay-opacity":"","overlay-gradient":""}},"footnotes":""},"class_list":["post-1568","page","type-page","status-publish","hentry"],"_links":{"self":[{"href":"https:\/\/hatina.sk\/en\/wp-json\/wp\/v2\/pages\/1568","targetHints":{"allow":["GET"]}}],"collection":[{"href":"https:\/\/hatina.sk\/en\/wp-json\/wp\/v2\/pages"}],"about":[{"href":"https:\/\/hatina.sk\/en\/wp-json\/wp\/v2\/types\/page"}],"author":[{"embeddable":true,"href":"https:\/\/hatina.sk\/en\/wp-json\/wp\/v2\/users\/2"}],"replies":[{"embeddable":true,"href":"https:\/\/hatina.sk\/en\/wp-json\/wp\/v2\/comments?post=1568"}],"version-history":[{"count":7,"href":"https:\/\/hatina.sk\/en\/wp-json\/wp\/v2\/pages\/1568\/revisions"}],"predecessor-version":[{"id":1696,"href":"https:\/\/hatina.sk\/en\/wp-json\/wp\/v2\/pages\/1568\/revisions\/1696"}],"wp:attachment":[{"href":"https:\/\/hatina.sk\/en\/wp-json\/wp\/v2\/media?parent=1568"}],"curies":[{"name":"wp","href":"https:\/\/api.w.org\/{rel}","templated":true}]}}